{"id":270,"date":"2022-07-04T16:18:14","date_gmt":"2022-07-04T20:18:14","guid":{"rendered":"https:\/\/sinehaspices.com\/?page_id=270"},"modified":"2025-07-23T22:38:40","modified_gmt":"2025-07-24T02:38:40","slug":"a-propos","status":"publish","type":"page","link":"https:\/\/sinehaspices.com\/en\/a-propos\/","title":{"rendered":"About us"},"content":{"rendered":"<div data-elementor-type=\"wp-page\" data-elementor-id=\"270\" class=\"elementor elementor-270\" data-elementor-post-type=\"page\">\n\t\t\t\t\t\t<section class=\"elementor-section elementor-top-section elementor-element elementor-element-e5a3157 elementor-section-boxed elementor-section-height-default elementor-section-height-default\" data-id=\"e5a3157\" data-element_type=\"section\" data-e-type=\"section\" data-settings=\"{&quot;background_background&quot;:&quot;classic&quot;}\">\n\t\t\t\t\t\t<div class=\"elementor-container elementor-column-gap-no\">\n\t\t\t\t\t<div class=\"elementor-column elementor-col-100 elementor-top-column elementor-element elementor-element-1863ca0\" data-id=\"1863ca0\" data-element_type=\"column\" data-e-type=\"column\">\n\t\t\t<div class=\"elementor-widget-wrap elementor-element-populated\">\n\t\t\t\t\t\t<div class=\"elementor-element elementor-element-2352c3b elementor-widget elementor-widget-heading\" data-id=\"2352c3b\" data-element_type=\"widget\" data-e-type=\"widget\" data-widget_type=\"heading.default\">\n\t\t\t\t\t<h1 class=\"elementor-heading-title elementor-size-default\">About us<\/h1>\t\t\t\t<\/div>\n\t\t\t\t<section class=\"elementor-section elementor-inner-section elementor-element elementor-element-dfd30cb elementor-section-boxed elementor-section-height-default elementor-section-height-default\" data-id=\"dfd30cb\" data-element_type=\"section\" data-e-type=\"section\">\n\t\t\t\t\t\t<div class=\"elementor-container elementor-column-gap-no\">\n\t\t\t\t\t<div class=\"elementor-column elementor-col-50 elementor-inner-column elementor-element elementor-element-5b11464\" data-id=\"5b11464\" data-element_type=\"column\" data-e-type=\"column\">\n\t\t\t<div class=\"elementor-widget-wrap elementor-element-populated\">\n\t\t\t\t\t\t<div class=\"elementor-element elementor-element-9a587a3 elementor-widget elementor-widget-heading\" data-id=\"9a587a3\" data-element_type=\"widget\" data-e-type=\"widget\" data-widget_type=\"heading.default\">\n\t\t\t\t\t<h6 class=\"elementor-heading-title elementor-size-default\">A few words <\/h6>\t\t\t\t<\/div>\n\t\t\t\t<div class=\"elementor-element elementor-element-cac74ba elementor-widget elementor-widget-heading\" data-id=\"cac74ba\" data-element_type=\"widget\" data-e-type=\"widget\" data-widget_type=\"heading.default\">\n\t\t\t\t\t<h2 class=\"elementor-heading-title elementor-size-default\">Behind the company<\/h2>\t\t\t\t<\/div>\n\t\t\t\t<div class=\"elementor-element elementor-element-5f3c689 elementor-drop-cap-yes elementor-drop-cap-view-default elementor-widget elementor-widget-text-editor\" data-id=\"5f3c689\" data-element_type=\"widget\" data-e-type=\"widget\" data-settings=\"{&quot;drop_cap&quot;:&quot;yes&quot;}\" data-widget_type=\"text-editor.default\">\n\t\t\t\t\t\t\t\t\t<p>At <strong data-start=\"113\" data-end=\"130\">SINEHA Spices<\/strong>, We're convinced that exceptional flavors can transform a meal and bring people together. Inspired by a trip to Cameroon in 2022, where we rediscovered the unique and exquisite taste of Penja white pepper grown on family land, we've made it our mission to share this culinary treasure with Canada... and the world.<\/p><p>The name <strong data-start=\"542\" data-end=\"552\">SINEHA<\/strong> means \u00abIt is God who gives\u00bb in the Bahouan language (Cameroon). It reflects our deep roots and the gratitude we feel towards our heritage and the land that nurtures this exceptional spice. Each grain is grown under the supervision of our family in Penja, a guarantee of authenticity and quality; the final processing is done locally in Quebec, combining tradition and modernity.<\/p><p>Our white Penja pepper is more than just a spice: it's a promise of health, well-being and gastronomic pleasure. Recognized the world over for its rich aroma and distinctive flavor profile, it brings sophistication and depth to all your dishes.<\/p><h4 data-start=\"1312\" data-end=\"1329\">For whom?<\/h4><p data-start=\"1330\" data-end=\"1412\">SINEHA Spices is aimed at both private individuals and wholesale partners:<\/p><ul data-start=\"1413\" data-end=\"1563\"><li data-start=\"1413\" data-end=\"1475\"><p data-start=\"1415\" data-end=\"1475\"><strong data-start=\"1415\" data-end=\"1440\">Home cooks<\/strong> in search of premium spices.<\/p><\/li><li data-start=\"1476\" data-end=\"1563\"><p data-start=\"1478\" data-end=\"1563\"><strong data-start=\"1478\" data-end=\"1512\">Distributors and restaurateurs<\/strong> in search of high-quality exotic products.<\/p><\/li><\/ul><p data-start=\"1565\" data-end=\"1702\">We offer flexible solutions so that everyone has access to the best Penja pepper.<\/p><h4 data-start=\"1709\" data-end=\"1728\">Our vision<\/h4><p data-start=\"1729\" data-end=\"1886\">Become <strong data-start=\"1737\" data-end=\"1764\">the canadian reference<\/strong> in Penja pepper distribution. Every purchase is an investment in sustainability and the community:<\/p><ul data-start=\"1887\" data-end=\"1987\"><li data-start=\"1887\" data-end=\"1911\"><p data-start=\"1889\" data-end=\"1911\">Local partnerships.<\/p><\/li><li data-start=\"1912\" data-end=\"1939\"><p data-start=\"1914\" data-end=\"1939\">Recyclable packaging.<\/p><\/li><li data-start=\"1940\" data-end=\"1987\"><p data-start=\"1942\" data-end=\"1987\">Environmentally-friendly practices.<\/p><\/li><\/ul><p data-start=\"1989\" data-end=\"2097\">So what's good for your kitchen is also good for the planet.<\/p><p data-start=\"1989\" data-end=\"2097\"><strong data-start=\"2106\" data-end=\"2223\">From our family farm in Penja to your table or store, let's celebrate the flavors of the world together.<\/strong><br data-start=\"2223\" data-end=\"2226\" \/>Welcome to the family <strong data-start=\"2254\" data-end=\"2264\">SINEHA<\/strong> - where tradition meets innovation and every dish becomes a masterpiece.<\/p><h5 data-start=\"2898\" data-end=\"2918\">IGP certified<\/h5><p data-start=\"2919\" data-end=\"3167\">Penja pepper benefits from <strong data-start=\"2954\" data-end=\"2996\">Protected Geographical Indication (PGI)<\/strong> This official recognition guarantees the origin, quality and renown of Penja's exceptional volcanic terroir.<\/p>\t\t\t\t\t\t\t\t<\/div>\n\t\t\t\t\t<\/div>\n\t\t<\/div>\n\t\t\t\t<div class=\"elementor-column elementor-col-50 elementor-inner-column elementor-element elementor-element-e408a1c\" data-id=\"e408a1c\" data-element_type=\"column\" data-e-type=\"column\" data-settings=\"{&quot;background_background&quot;:&quot;classic&quot;}\">\n\t\t\t<div class=\"elementor-widget-wrap elementor-element-populated\">\n\t\t\t\t\t\t<div class=\"elementor-element elementor-element-e911eae elementor-widget elementor-widget-spacer\" data-id=\"e911eae\" data-element_type=\"widget\" data-e-type=\"widget\" data-widget_type=\"spacer.default\">\n\t\t\t\t\t\t\t<div class=\"elementor-spacer\">\n\t\t\t<div class=\"elementor-spacer-inner\"><\/div>\n\t\t<\/div>\n\t\t\t\t\t\t<\/div>\n\t\t\t\t\t<\/div>\n\t\t<\/div>\n\t\t\t\t\t<\/div>\n\t\t<\/section>\n\t\t\t\t\t<\/div>\n\t\t<\/div>\n\t\t\t\t\t<\/div>\n\t\t<\/section>\n\t\t\t\t<section class=\"elementor-section elementor-top-section elementor-element elementor-element-ab47fc3 elementor-section-boxed elementor-section-height-default elementor-section-height-default\" data-id=\"ab47fc3\" data-element_type=\"section\" data-e-type=\"section\">\n\t\t\t\t\t\t<div class=\"elementor-container elementor-column-gap-no\">\n\t\t\t\t\t<div class=\"elementor-column elementor-col-100 elementor-top-column elementor-element elementor-element-5c02f17\" data-id=\"5c02f17\" data-element_type=\"column\" data-e-type=\"column\">\n\t\t\t<div class=\"elementor-widget-wrap elementor-element-populated\">\n\t\t\t\t\t\t<div class=\"elementor-element elementor-element-ed9147c elementor-widget-divider--view-line elementor-widget elementor-widget-divider\" data-id=\"ed9147c\" data-element_type=\"widget\" data-e-type=\"widget\" data-widget_type=\"divider.default\">\n\t\t\t\t\t\t\t<div class=\"elementor-divider\">\n\t\t\t<span class=\"elementor-divider-separator\">\n\t\t\t\t\t\t<\/span>\n\t\t<\/div>\n\t\t\t\t\t\t<\/div>\n\t\t\t\t<div class=\"elementor-element elementor-element-aa8a37b elementor-widget elementor-widget-heading\" data-id=\"aa8a37b\" data-element_type=\"widget\" data-e-type=\"widget\" data-widget_type=\"heading.default\">\n\t\t\t\t\t<h6 class=\"elementor-heading-title elementor-size-default\">Customer satisfaction is our top priority.<\/h6>\t\t\t\t<\/div>\n\t\t\t\t<div class=\"elementor-element elementor-element-78205d4 elementor-widget elementor-widget-heading\" data-id=\"78205d4\" data-element_type=\"widget\" data-e-type=\"widget\" data-widget_type=\"heading.default\">\n\t\t\t\t\t<h2 class=\"elementor-heading-title elementor-size-default\">Customer service is at the heart of our business.<\/h2>\t\t\t\t<\/div>\n\t\t\t\t<div class=\"elementor-element elementor-element-1d2c009 elementor-widget elementor-widget-text-editor\" data-id=\"1d2c009\" data-element_type=\"widget\" data-e-type=\"widget\" data-widget_type=\"text-editor.default\">\n\t\t\t\t\t\t\t\t\t<p>At <strong>SINEHA Spices<\/strong>, Customer service is at the very heart of our mission. We recognize that our success depends directly on the satisfaction and well-being of our customers. From the moment you first contact us-whether on our website, by phone or in person-we do our utmost to provide you with an exceptional experience.<\/p>\t\t\t\t\t\t\t\t<\/div>\n\t\t\t\t\t<\/div>\n\t\t<\/div>\n\t\t\t\t\t<\/div>\n\t\t<\/section>\n\t\t<div class=\"elementor-element elementor-element-9dd3c4c e-con-full e-flex e-con e-parent\" data-id=\"9dd3c4c\" data-element_type=\"container\" data-e-type=\"container\" id=\"certif\">\n\t\t<div class=\"elementor-element elementor-element-f964106 e-flex e-con-boxed e-con e-child\" data-id=\"f964106\" data-element_type=\"container\" data-e-type=\"container\">\n\t\t\t\t\t<div class=\"e-con-inner\">\n\t\t\t\t<div class=\"elementor-element elementor-element-0d774fb elementor-widget-divider--view-line elementor-widget elementor-widget-divider\" data-id=\"0d774fb\" data-element_type=\"widget\" data-e-type=\"widget\" data-widget_type=\"divider.default\">\n\t\t\t\t\t\t\t<div class=\"elementor-divider\">\n\t\t\t<span class=\"elementor-divider-separator\">\n\t\t\t\t\t\t<\/span>\n\t\t<\/div>\n\t\t\t\t\t\t<\/div>\n\t\t\t\t\t<\/div>\n\t\t\t\t<\/div>\n\t\t\t\t<\/div>\n\t\t<div class=\"elementor-element elementor-element-5957823a e-flex e-con-boxed e-con e-parent\" data-id=\"5957823a\" data-element_type=\"container\" data-e-type=\"container\" data-settings=\"{&quot;background_background&quot;:&quot;classic&quot;}\">\n\t\t\t\t\t<div class=\"e-con-inner\">\n\t\t<div class=\"elementor-element elementor-element-662d092f e-con-full e-flex e-con e-child\" data-id=\"662d092f\" data-element_type=\"container\" data-e-type=\"container\">\n\t\t\t\t<div class=\"elementor-element elementor-element-4100c0a6 animated-slow elementor-invisible elementor-widget elementor-widget-heading\" data-id=\"4100c0a6\" data-element_type=\"widget\" data-e-type=\"widget\" data-settings=\"{&quot;_animation&quot;:&quot;slideInUp&quot;}\" data-widget_type=\"heading.default\">\n\t\t\t\t\t<h2 class=\"elementor-heading-title elementor-size-default\">certified<br>\nIGPP.<\/h2>\t\t\t\t<\/div>\n\t\t\t\t<div class=\"elementor-element elementor-element-61576825 elementor-widget elementor-widget-text-editor\" data-id=\"61576825\" data-element_type=\"widget\" data-e-type=\"widget\" data-widget_type=\"text-editor.default\">\n\t\t\t\t\t\t\t\t\t<p><strong>Indication G\u00e9ographique Prot\u00e9g\u00e9e de Penja (IGPP)<\/strong><br \/>This official distinction applies to products whose quality and reputation stem directly from their terroir. For our Penja pepper, the PGI certifies that its unique fragrance and reputation stem from the exceptional climatic conditions and volcanic soils of the Penja region.<\/p>\t\t\t\t\t\t\t\t<\/div>\n\t\t\t\t<div class=\"elementor-element elementor-element-7f56c8ae elementor-align-left elementor-tablet-align-center elementor-widget-tablet_extra__width-initial elementor-widget elementor-widget-button\" data-id=\"7f56c8ae\" data-element_type=\"widget\" data-e-type=\"widget\" data-widget_type=\"button.default\">\n\t\t\t\t\t\t\t\t\t\t<a class=\"elementor-button elementor-button-link elementor-size-lg elementor-animation-grow\" href=\"https:\/\/sinehaspices.com\/certification\/\">\n\t\t\t\t\t\t<span class=\"elementor-button-content-wrapper\">\n\t\t\t\t\t\t\t\t\t<span class=\"elementor-button-text\">more<\/span>\n\t\t\t\t\t<\/span>\n\t\t\t\t\t<\/a>\n\t\t\t\t\t\t\t\t<\/div>\n\t\t\t\t<\/div>\n\t\t\t\t<div class=\"elementor-element elementor-element-1ab315 elementor-widget elementor-widget-image\" data-id=\"1ab315\" data-element_type=\"widget\" data-e-type=\"widget\" data-widget_type=\"image.default\">\n\t\t\t\t\t\t\t\t\t\t\t\t\t\t\t<img fetchpriority=\"high\" decoding=\"async\" width=\"831\" height=\"819\" src=\"https:\/\/sinehaspices.com\/wp-content\/uploads\/2023\/05\/73146A1B-35A6-4A22-93CF-25DB0E9B2032.jpeg\" class=\"attachment-full size-full wp-image-1453\" alt=\"\" srcset=\"https:\/\/sinehaspices.com\/wp-content\/uploads\/2023\/05\/73146A1B-35A6-4A22-93CF-25DB0E9B2032.jpeg 831w, https:\/\/sinehaspices.com\/wp-content\/uploads\/2023\/05\/73146A1B-35A6-4A22-93CF-25DB0E9B2032-12x12.jpeg 12w, https:\/\/sinehaspices.com\/wp-content\/uploads\/2023\/05\/73146A1B-35A6-4A22-93CF-25DB0E9B2032-300x296.jpeg 300w, https:\/\/sinehaspices.com\/wp-content\/uploads\/2023\/05\/73146A1B-35A6-4A22-93CF-25DB0E9B2032-768x757.jpeg 768w, https:\/\/sinehaspices.com\/wp-content\/uploads\/2023\/05\/73146A1B-35A6-4A22-93CF-25DB0E9B2032-600x591.jpeg 600w, https:\/\/sinehaspices.com\/wp-content\/uploads\/2023\/05\/73146A1B-35A6-4A22-93CF-25DB0E9B2032-100x100.jpeg 100w\" sizes=\"(max-width: 831px) 100vw, 831px\" \/>\t\t\t\t\t\t\t\t\t\t\t\t\t\t\t<\/div>\n\t\t\t\t\t<\/div>\n\t\t\t\t<\/div>\n\t\t\t\t<section class=\"elementor-section elementor-top-section elementor-element elementor-element-64d3221 elementor-section-boxed elementor-section-height-default elementor-section-height-default\" data-id=\"64d3221\" data-element_type=\"section\" data-e-type=\"section\" data-settings=\"{&quot;background_background&quot;:&quot;classic&quot;}\">\n\t\t\t\t\t\t\t<div class=\"elementor-background-overlay\"><\/div>\n\t\t\t\t\t\t\t<div class=\"elementor-container elementor-column-gap-no\">\n\t\t\t\t\t<div class=\"elementor-column elementor-col-100 elementor-top-column elementor-element elementor-element-566ea74\" data-id=\"566ea74\" data-element_type=\"column\" data-e-type=\"column\">\n\t\t\t<div class=\"elementor-widget-wrap elementor-element-populated\">\n\t\t\t\t\t\t<div class=\"elementor-element elementor-element-e379734 elementor-widget elementor-widget-spacer\" data-id=\"e379734\" data-element_type=\"widget\" data-e-type=\"widget\" data-widget_type=\"spacer.default\">\n\t\t\t\t\t\t\t<div class=\"elementor-spacer\">\n\t\t\t<div class=\"elementor-spacer-inner\"><\/div>\n\t\t<\/div>\n\t\t\t\t\t\t<\/div>\n\t\t\t\t<div class=\"elementor-element elementor-element-e71ef2d elementor-widget elementor-widget-heading\" data-id=\"e71ef2d\" data-element_type=\"widget\" data-e-type=\"widget\" data-widget_type=\"heading.default\">\n\t\t\t\t\t<h2 class=\"elementor-heading-title elementor-size-default\">Penja pepper <br> Handcrafted Culture - Rare &amp; High Quality<\/h2>\t\t\t\t<\/div>\n\t\t\t\t<div class=\"elementor-element elementor-element-fa74567 elementor-widget elementor-widget-spacer\" data-id=\"fa74567\" data-element_type=\"widget\" data-e-type=\"widget\" data-widget_type=\"spacer.default\">\n\t\t\t\t\t\t\t<div class=\"elementor-spacer\">\n\t\t\t<div class=\"elementor-spacer-inner\"><\/div>\n\t\t<\/div>\n\t\t\t\t\t\t<\/div>\n\t\t\t\t\t<\/div>\n\t\t<\/div>\n\t\t\t\t\t<\/div>\n\t\t<\/section>\n\t\t\t\t<\/div>","protected":false},"excerpt":{"rendered":"<p>\u00c0 propos de nous Quelques mots Derri\u00e8re l\u2019entreprise Chez SINEHA Spices, nous sommes convaincus que des saveurs d\u2019exception peuvent transformer un repas et rapprocher les gens. Inspir\u00e9s par un voyage au Cameroun en 2022, o\u00f9 nous avons red\u00e9couvert le go\u00fbt unique et exquis du poivre blanc de Penja cultiv\u00e9 sur les terres familiales, nous nous [&hellip;]<\/p>\n","protected":false},"author":1,"featured_media":1556,"parent":0,"menu_order":0,"comment_status":"closed","ping_status":"closed","template":"","meta":{"site-sidebar-layout":"no-sidebar","site-content-layout":"page-builder","ast-site-content-layout":"full-width-container","site-content-style":"unboxed","site-sidebar-style":"unboxed","ast-global-header-display":"","ast-banner-title-visibility":"","ast-main-header-display":"","ast-hfb-above-header-display":"","ast-hfb-below-header-display":"","ast-hfb-mobile-header-display":"","site-post-title":"disabled","ast-breadcrumbs-content":"","ast-featured-img":"disabled","footer-sml-layout":"","ast-disable-related-posts":"","theme-transparent-header-meta":"","adv-header-id-meta":"","stick-header-meta":"","header-above-stick-meta":"","header-main-stick-meta":"","header-below-stick-meta":"","astra-migrate-meta-layouts":"set","ast-page-background-enabled":"default","ast-page-background-meta":{"desktop":{"background-color":"var(--ast-global-color-4)","background-image":"","background-repeat":"repeat","background-position":"center center","background-size":"auto","background-attachment":"scroll","background-type":"","background-media":"","overlay-type":"","overlay-color":"","overlay-opacity":"","overlay-gradient":""},"tablet":{"background-color":"","background-image":"","background-repeat":"repeat","background-position":"center center","background-size":"auto","background-attachment":"scroll","background-type":"","background-media":"","overlay-type":"","overlay-color":"","overlay-opacity":"","overlay-gradient":""},"mobile":{"background-color":"","background-image":"","background-repeat":"repeat","background-position":"center center","background-size":"auto","background-attachment":"scroll","background-type":"","background-media":"","overlay-type":"","overlay-color":"","overlay-opacity":"","overlay-gradient":""}},"ast-content-background-meta":{"desktop":{"background-color":"var(--ast-global-color-5)","background-image":"","background-repeat":"repeat","background-position":"center center","background-size":"auto","background-attachment":"scroll","background-type":"","background-media":"","overlay-type":"","overlay-color":"","overlay-opacity":"","overlay-gradient":""},"tablet":{"background-color":"var(--ast-global-color-5)","background-image":"","background-repeat":"repeat","background-position":"center center","background-size":"auto","background-attachment":"scroll","background-type":"","background-media":"","overlay-type":"","overlay-color":"","overlay-opacity":"","overlay-gradient":""},"mobile":{"background-color":"var(--ast-global-color-5)","background-image":"","background-repeat":"repeat","background-position":"center center","background-size":"auto","background-attachment":"scroll","background-type":"","background-media":"","overlay-type":"","overlay-color":"","overlay-opacity":"","overlay-gradient":""}},"footnotes":""},"class_list":["post-270","page","type-page","status-publish","has-post-thumbnail","hentry"],"jetpack_sharing_enabled":true,"_links":{"self":[{"href":"https:\/\/sinehaspices.com\/en\/wp-json\/wp\/v2\/pages\/270","targetHints":{"allow":["GET"]}}],"collection":[{"href":"https:\/\/sinehaspices.com\/en\/wp-json\/wp\/v2\/pages"}],"about":[{"href":"https:\/\/sinehaspices.com\/en\/wp-json\/wp\/v2\/types\/page"}],"author":[{"embeddable":true,"href":"https:\/\/sinehaspices.com\/en\/wp-json\/wp\/v2\/users\/1"}],"replies":[{"embeddable":true,"href":"https:\/\/sinehaspices.com\/en\/wp-json\/wp\/v2\/comments?post=270"}],"version-history":[{"count":15,"href":"https:\/\/sinehaspices.com\/en\/wp-json\/wp\/v2\/pages\/270\/revisions"}],"predecessor-version":[{"id":2599,"href":"https:\/\/sinehaspices.com\/en\/wp-json\/wp\/v2\/pages\/270\/revisions\/2599"}],"wp:featuredmedia":[{"embeddable":true,"href":"https:\/\/sinehaspices.com\/en\/wp-json\/wp\/v2\/media\/1556"}],"wp:attachment":[{"href":"https:\/\/sinehaspices.com\/en\/wp-json\/wp\/v2\/media?parent=270"}],"curies":[{"name":"wp","href":"https:\/\/api.w.org\/{rel}","templated":true}]}}