{"id":3270,"date":"2026-04-22T21:18:27","date_gmt":"2026-04-23T01:18:27","guid":{"rendered":"https:\/\/sinehaspices.com\/?post_type=product&#038;p=3270"},"modified":"2026-04-22T21:24:35","modified_gmt":"2026-04-23T01:24:35","slug":"coup-du-matin","status":"publish","type":"product","link":"https:\/\/sinehaspices.com\/en\/coup-du-matin\/","title":{"rendered":"Le coup du matin"},"content":{"rendered":"<p data-start=\"199\" data-end=\"402\">Start your day with a bold yet comforting ritual. The <strong data-start=\"253\" data-end=\"268\">Morning Hit<\/strong> pairs Sineha\u2019s artisanal African spiced coffee with its signature Penja Pepper hot chocolate for a refined and energizing experience.<\/p>\n<p data-start=\"404\" data-end=\"608\">The hot chocolate blends pure West African cacao with freshly ground White Penja Pepper, delivering a velvety texture followed by warm, woody, subtly musky notes. Smooth, balanced, and never overpowering.<\/p>\n<p data-start=\"610\" data-end=\"766\">The spiced coffee combines carefully roasted African beans with Penja White Pepper IGP, creating an intense and captivating cup with a unique aromatic kick.<\/p>\n<p data-start=\"768\" data-end=\"916\">Crafted with simple ingredients, free from additives, and naturally vegan and gluten-free, this duo offers depth, warmth, and elegance in every sip.<\/p>\n<p data-start=\"768\" data-end=\"916\">Commencez votre journ\u00e9e avec un rituel audacieux mais r\u00e9confortant. Le Morning Hit associe le caf\u00e9 \u00e9pic\u00e9 africain artisanal de Sineha avec son chocolat chaud signature au poivre Penja pour une exp\u00e9rience raffin\u00e9e et \u00e9nergisante.<\/p>\n<p>Le chocolat chaud m\u00e9lange du cacao pur d&rsquo;Afrique de l&rsquo;Ouest avec du poivre blanc de Penja fra\u00eechement moulu, offrant une texture velout\u00e9e suivie de notes chaudes, bois\u00e9es et subtilement musqu\u00e9es. Lisse, \u00e9quilibr\u00e9 et jamais envahissant.<\/p>\n<p>Le caf\u00e9 \u00e9pic\u00e9 combine des grains africains soigneusement torr\u00e9fi\u00e9s avec du poivre blanc Penja IGP, cr\u00e9ant une tasse intense et captivante avec une touche aromatique unique.<\/p>\n<p>\u00c9labor\u00e9 avec des ingr\u00e9dients simples, sans additifs, et naturellement v\u00e9g\u00e9talien et sans gluten, ce duo offre profondeur, chaleur et \u00e9l\u00e9gance \u00e0 chaque gorg\u00e9e.<\/p>\n<p>Parfait pour :<\/p>\n<p>Rituels matinaux<br \/>\nApr\u00e8s-midis cocooning<br \/>\nCadeaux<br \/>\nLes amateurs de caf\u00e9 et de chocolat \u00e0 la recherche de quelque chose de distinctif<\/p>","protected":false},"excerpt":{"rendered":"<p>Commencez votre journ\u00e9e avec chaleur et caract\u00e8re. Un duo r\u00e9confortant con\u00e7u pour ceux qui appr\u00e9cient les rituels et le raffinement.<\/p>\n<p><strong>Contenu :<\/strong><\/p>\n<ul>\n<li>Caf\u00e9 \u00e9pic\u00e9 Sineha &#8211; 100 g<\/li>\n<li>Chocolat chaud au poivre de Penja &#8211; 100 g<\/li>\n<\/ul>\n<p><strong>Pourquoi ce coffret ?<\/strong><\/p>\n<p>Con\u00e7u pour ceux qui aiment leurs rituels matinaux, ce coffret vous offre un d\u00e9but de journ\u00e9e audacieux et r\u00e9confortant. Le caf\u00e9 \u00e9pic\u00e9 vous donne de l&rsquo;\u00e9nergie, tandis que le chocolat chaud au poivre de Penja offre une finale onctueuse et subtilement \u00e9pic\u00e9e.<\/p>\n<p><strong>Id\u00e9al pour :<\/strong><\/p>\n<ul>\n<li>Les matins douillets<\/li>\n<li>Les cadeaux<\/li>\n<li>Les rituels de brunch du week-end<\/li>\n<li>Les amateurs de caf\u00e9 et de chocolat<\/li>\n<\/ul>","protected":false},"featured_media":3273,"comment_status":"open","ping_status":"closed","template":"","meta":{"site-sidebar-layout":"default","site-content-layout":"","ast-site-content-layout":"default","site-content-style":"default","site-sidebar-style":"default","ast-global-header-display":"","ast-banner-title-visibility":"","ast-main-header-display":"","ast-hfb-above-header-display":"","ast-hfb-below-header-display":"","ast-hfb-mobile-header-display":"","site-post-title":"","ast-breadcrumbs-content":"","ast-featured-img":"","footer-sml-layout":"","ast-disable-related-posts":"","theme-transparent-header-meta":"default","adv-header-id-meta":"","stick-header-meta":"default","header-above-stick-meta":"","header-main-stick-meta":"","header-below-stick-meta":"","astra-migrate-meta-layouts":"set","ast-page-background-enabled":"default","ast-page-background-meta":{"desktop":{"background-color":"var(--ast-global-color-4)","background-image":"","background-repeat":"repeat","background-position":"center center","background-size":"auto","background-attachment":"scroll","background-type":"","background-media":"","overlay-type":"","overlay-color":"","overlay-opacity":"","overlay-gradient":""},"tablet":{"background-color":"","background-image":"","background-repeat":"repeat","background-position":"center center","background-size":"auto","background-attachment":"scroll","background-type":"","background-media":"","overlay-type":"","overlay-color":"","overlay-opacity":"","overlay-gradient":""},"mobile":{"background-color":"","background-image":"","background-repeat":"repeat","background-position":"center center","background-size":"auto","background-attachment":"scroll","background-type":"","background-media":"","overlay-type":"","overlay-color":"","overlay-opacity":"","overlay-gradient":""}},"ast-content-background-meta":{"desktop":{"background-color":"var(--ast-global-color-5)","background-image":"","background-repeat":"repeat","background-position":"center center","background-size":"auto","background-attachment":"scroll","background-type":"","background-media":"","overlay-type":"","overlay-color":"","overlay-opacity":"","overlay-gradient":""},"tablet":{"background-color":"var(--ast-global-color-5)","background-image":"","background-repeat":"repeat","background-position":"center center","background-size":"auto","background-attachment":"scroll","background-type":"","background-media":"","overlay-type":"","overlay-color":"","overlay-opacity":"","overlay-gradient":""},"mobile":{"background-color":"var(--ast-global-color-5)","background-image":"","background-repeat":"repeat","background-position":"center center","background-size":"auto","background-attachment":"scroll","background-type":"","background-media":"","overlay-type":"","overlay-color":"","overlay-opacity":"","overlay-gradient":""}}},"product_brand":[],"product_cat":[85,84,50,48,78],"product_tag":[],"class_list":{"0":"post-3270","1":"product","2":"type-product","3":"status-publish","4":"has-post-thumbnail","6":"product_cat-epices-b2b","7":"product_cat-epices-b2c","8":"product_cat-hot-drinks","9":"product_cat-pepper-u","10":"product_cat-epice","11":"product_shipping_class-standard--1-kg","12":"desktop-align-left","13":"tablet-align-left","14":"mobile-align-left","15":"ast-product-gallery-layout-horizontal-slider","16":"ast-magnify-disabled","17":"ast-product-tabs-layout-horizontal","18":"ast-qv-on-image","20":"first","21":"instock","22":"taxable","23":"shipping-taxable","24":"purchasable","25":"product-type-simple"},"jetpack_sharing_enabled":true,"_links":{"self":[{"href":"https:\/\/sinehaspices.com\/en\/wp-json\/wp\/v2\/product\/3270","targetHints":{"allow":["GET"]}}],"collection":[{"href":"https:\/\/sinehaspices.com\/en\/wp-json\/wp\/v2\/product"}],"about":[{"href":"https:\/\/sinehaspices.com\/en\/wp-json\/wp\/v2\/types\/product"}],"replies":[{"embeddable":true,"href":"https:\/\/sinehaspices.com\/en\/wp-json\/wp\/v2\/comments?post=3270"}],"version-history":[{"count":7,"href":"https:\/\/sinehaspices.com\/en\/wp-json\/wp\/v2\/product\/3270\/revisions"}],"predecessor-version":[{"id":3311,"href":"https:\/\/sinehaspices.com\/en\/wp-json\/wp\/v2\/product\/3270\/revisions\/3311"}],"wp:featuredmedia":[{"embeddable":true,"href":"https:\/\/sinehaspices.com\/en\/wp-json\/wp\/v2\/media\/3273"}],"wp:attachment":[{"href":"https:\/\/sinehaspices.com\/en\/wp-json\/wp\/v2\/media?parent=3270"}],"wp:term":[{"taxonomy":"product_brand","embeddable":true,"href":"https:\/\/sinehaspices.com\/en\/wp-json\/wp\/v2\/product_brand?post=3270"},{"taxonomy":"product_cat","embeddable":true,"href":"https:\/\/sinehaspices.com\/en\/wp-json\/wp\/v2\/product_cat?post=3270"},{"taxonomy":"product_tag","embeddable":true,"href":"https:\/\/sinehaspices.com\/en\/wp-json\/wp\/v2\/product_tag?post=3270"}],"curies":[{"name":"wp","href":"https:\/\/api.w.org\/{rel}","templated":true}]}}